{"id":40,"date":"2020-04-04T15:40:19","date_gmt":"2020-04-04T15:40:19","guid":{"rendered":"http:\/\/194.32.76.72\/?page_id=40"},"modified":"2024-07-02T16:19:36","modified_gmt":"2024-07-02T16:19:36","slug":"inicio","status":"publish","type":"page","link":"https:\/\/eruktogatos.com\/","title":{"rendered":"Escucha nuestra m\u00fasica"},"content":{"rendered":"\n<div class=\"wp-block-group\"><div class=\"wp-block-group__inner-container is-layout-flow wp-block-group-is-layout-flow\">\n<div class=\"wp-block-columns is-layout-flex wp-container-core-columns-is-layout-1 wp-block-columns-is-layout-flex\">\n<div class=\"wp-block-column is-vertically-aligned-bottom is-layout-flow wp-block-column-is-layout-flow\">\n<iframe loading=\"lazy\" width=\"560\" height=\"315\" src=\"https:\/\/www.youtube.com\/embed\/BwjPNDHYnBo?si=ZidBIxm9EDQibmrQ\" title=\"YouTube video player\" frameborder=\"0\" allow=\"accelerometer; autoplay; clipboard-write; encrypted-media; gyroscope; picture-in-picture; web-share\" referrerpolicy=\"strict-origin-when-cross-origin\" allowfullscreen><\/iframe>\n<\/div>\n\n\n\n<div class=\"wp-block-column is-vertically-aligned-top is-layout-flow wp-block-column-is-layout-flow\">\n<iframe style=\"border-radius:12px\" src=\"https:\/\/open.spotify.com\/embed\/artist\/0oXKGaEfnCO4gA8YTzlDWJ?utm_source=generator\" width=\"100%\" height=\"352\" frameBorder=\"0\" allowfullscreen=\"\" allow=\"autoplay; clipboard-write; encrypted-media; fullscreen; picture-in-picture\" loading=\"lazy\"><\/iframe>\n<\/div>\n<\/div>\n<\/div><\/div>\n","protected":false},"excerpt":{"rendered":"","protected":false},"author":2,"featured_media":0,"parent":0,"menu_order":0,"comment_status":"closed","ping_status":"closed","template":"","meta":{"iawp_total_views":1386,"footnotes":""},"class_list":["post-40","page","type-page","status-publish","hentry"],"yoast_head":"<!-- This site is optimized with the Yoast SEO plugin v23.0 - https:\/\/yoast.com\/wordpress\/plugins\/seo\/ -->\n<title>ERUKTOGATOS - Escucha nuestra m\u00fasica<\/title>\n<meta name=\"description\" content=\"Eruktogatos Rock and Miau. P\u00e1gina web del grupo punk rock madrile\u00f1o Eruktogatos\" \/>\n<meta name=\"robots\" content=\"index, follow, max-snippet:-1, max-image-preview:large, max-video-preview:-1\" \/>\n<link rel=\"canonical\" href=\"https:\/\/eruktogatos.com\/\" \/>\n<meta property=\"og:locale\" content=\"es_ES\" \/>\n<meta property=\"og:type\" content=\"article\" \/>\n<meta property=\"og:title\" content=\"ERUKTOGATOS - Escucha nuestra m\u00fasica\" \/>\n<meta property=\"og:description\" content=\"Eruktogatos Rock and Miau. P\u00e1gina web del grupo punk rock madrile\u00f1o Eruktogatos\" \/>\n<meta property=\"og:url\" content=\"https:\/\/eruktogatos.com\/\" \/>\n<meta property=\"og:site_name\" content=\"ERUKTOGATOS\" \/>\n<meta property=\"article:publisher\" content=\"https:\/\/www.facebook.com\/Eruktogatos-Rock-452809998841382\/\" \/>\n<meta property=\"article:modified_time\" content=\"2024-07-02T16:19:36+00:00\" \/>\n<meta name=\"twitter:card\" content=\"summary_large_image\" \/>\n<script type=\"application\/ld+json\" class=\"yoast-schema-graph\">{\"@context\":\"https:\/\/schema.org\",\"@graph\":[{\"@type\":\"WebPage\",\"@id\":\"https:\/\/eruktogatos.com\/\",\"url\":\"https:\/\/eruktogatos.com\/\",\"name\":\"ERUKTOGATOS - Escucha nuestra m\u00fasica\",\"isPartOf\":{\"@id\":\"https:\/\/eruktogatos.com\/#website\"},\"datePublished\":\"2020-04-04T15:40:19+00:00\",\"dateModified\":\"2024-07-02T16:19:36+00:00\",\"description\":\"Eruktogatos Rock and Miau. P\u00e1gina web del grupo punk rock madrile\u00f1o Eruktogatos\",\"breadcrumb\":{\"@id\":\"https:\/\/eruktogatos.com\/#breadcrumb\"},\"inLanguage\":\"es\",\"potentialAction\":[{\"@type\":\"ReadAction\",\"target\":[\"https:\/\/eruktogatos.com\/\"]}]},{\"@type\":\"BreadcrumbList\",\"@id\":\"https:\/\/eruktogatos.com\/#breadcrumb\",\"itemListElement\":[{\"@type\":\"ListItem\",\"position\":1,\"name\":\"Home\",\"item\":\"https:\/\/eruktogatos.com\/\"},{\"@type\":\"ListItem\",\"position\":2,\"name\":\"Escucha nuestra m\u00fasica\"}]},{\"@type\":\"WebSite\",\"@id\":\"https:\/\/eruktogatos.com\/#website\",\"url\":\"https:\/\/eruktogatos.com\/\",\"name\":\"ERUKTOGATOS\",\"description\":\"Rock&amp;Miau\",\"publisher\":{\"@id\":\"https:\/\/eruktogatos.com\/#organization\"},\"potentialAction\":[{\"@type\":\"SearchAction\",\"target\":{\"@type\":\"EntryPoint\",\"urlTemplate\":\"https:\/\/eruktogatos.com\/?s={search_term_string}\"},\"query-input\":\"required name=search_term_string\"}],\"inLanguage\":\"es\"},{\"@type\":\"Organization\",\"@id\":\"https:\/\/eruktogatos.com\/#organization\",\"name\":\"Eruktogatos Rock and Miau\",\"url\":\"https:\/\/eruktogatos.com\/\",\"logo\":{\"@type\":\"ImageObject\",\"inLanguage\":\"es\",\"@id\":\"https:\/\/eruktogatos.com\/#\/schema\/logo\/image\/\",\"url\":\"https:\/\/eruktogatos.com\/wp-content\/uploads\/2020\/06\/Logo_Mini.png\",\"contentUrl\":\"https:\/\/eruktogatos.com\/wp-content\/uploads\/2020\/06\/Logo_Mini.png\",\"width\":300,\"height\":300,\"caption\":\"Eruktogatos Rock and Miau\"},\"image\":{\"@id\":\"https:\/\/eruktogatos.com\/#\/schema\/logo\/image\/\"},\"sameAs\":[\"https:\/\/www.facebook.com\/Eruktogatos-Rock-452809998841382\/\",\"https:\/\/www.instagram.com\/eruktogatos_rock\/\",\"https:\/\/www.youtube.com\/channel\/UCPTk7totFCuy5MX76lIiLSQ\"]}]}<\/script>\n<!-- \/ Yoast SEO plugin. -->","yoast_head_json":{"title":"ERUKTOGATOS - Escucha nuestra m\u00fasica","description":"Eruktogatos Rock and Miau. P\u00e1gina web del grupo punk rock madrile\u00f1o Eruktogatos","robots":{"index":"index","follow":"follow","max-snippet":"max-snippet:-1","max-image-preview":"max-image-preview:large","max-video-preview":"max-video-preview:-1"},"canonical":"https:\/\/eruktogatos.com\/","og_locale":"es_ES","og_type":"article","og_title":"ERUKTOGATOS - Escucha nuestra m\u00fasica","og_description":"Eruktogatos Rock and Miau. P\u00e1gina web del grupo punk rock madrile\u00f1o Eruktogatos","og_url":"https:\/\/eruktogatos.com\/","og_site_name":"ERUKTOGATOS","article_publisher":"https:\/\/www.facebook.com\/Eruktogatos-Rock-452809998841382\/","article_modified_time":"2024-07-02T16:19:36+00:00","twitter_card":"summary_large_image","schema":{"@context":"https:\/\/schema.org","@graph":[{"@type":"WebPage","@id":"https:\/\/eruktogatos.com\/","url":"https:\/\/eruktogatos.com\/","name":"ERUKTOGATOS - Escucha nuestra m\u00fasica","isPartOf":{"@id":"https:\/\/eruktogatos.com\/#website"},"datePublished":"2020-04-04T15:40:19+00:00","dateModified":"2024-07-02T16:19:36+00:00","description":"Eruktogatos Rock and Miau. P\u00e1gina web del grupo punk rock madrile\u00f1o Eruktogatos","breadcrumb":{"@id":"https:\/\/eruktogatos.com\/#breadcrumb"},"inLanguage":"es","potentialAction":[{"@type":"ReadAction","target":["https:\/\/eruktogatos.com\/"]}]},{"@type":"BreadcrumbList","@id":"https:\/\/eruktogatos.com\/#breadcrumb","itemListElement":[{"@type":"ListItem","position":1,"name":"Home","item":"https:\/\/eruktogatos.com\/"},{"@type":"ListItem","position":2,"name":"Escucha nuestra m\u00fasica"}]},{"@type":"WebSite","@id":"https:\/\/eruktogatos.com\/#website","url":"https:\/\/eruktogatos.com\/","name":"ERUKTOGATOS","description":"Rock&amp;Miau","publisher":{"@id":"https:\/\/eruktogatos.com\/#organization"},"potentialAction":[{"@type":"SearchAction","target":{"@type":"EntryPoint","urlTemplate":"https:\/\/eruktogatos.com\/?s={search_term_string}"},"query-input":"required name=search_term_string"}],"inLanguage":"es"},{"@type":"Organization","@id":"https:\/\/eruktogatos.com\/#organization","name":"Eruktogatos Rock and Miau","url":"https:\/\/eruktogatos.com\/","logo":{"@type":"ImageObject","inLanguage":"es","@id":"https:\/\/eruktogatos.com\/#\/schema\/logo\/image\/","url":"https:\/\/eruktogatos.com\/wp-content\/uploads\/2020\/06\/Logo_Mini.png","contentUrl":"https:\/\/eruktogatos.com\/wp-content\/uploads\/2020\/06\/Logo_Mini.png","width":300,"height":300,"caption":"Eruktogatos Rock and Miau"},"image":{"@id":"https:\/\/eruktogatos.com\/#\/schema\/logo\/image\/"},"sameAs":["https:\/\/www.facebook.com\/Eruktogatos-Rock-452809998841382\/","https:\/\/www.instagram.com\/eruktogatos_rock\/","https:\/\/www.youtube.com\/channel\/UCPTk7totFCuy5MX76lIiLSQ"]}]}},"_links":{"self":[{"href":"https:\/\/eruktogatos.com\/index.php?rest_route=\/wp\/v2\/pages\/40"}],"collection":[{"href":"https:\/\/eruktogatos.com\/index.php?rest_route=\/wp\/v2\/pages"}],"about":[{"href":"https:\/\/eruktogatos.com\/index.php?rest_route=\/wp\/v2\/types\/page"}],"author":[{"embeddable":true,"href":"https:\/\/eruktogatos.com\/index.php?rest_route=\/wp\/v2\/users\/2"}],"replies":[{"embeddable":true,"href":"https:\/\/eruktogatos.com\/index.php?rest_route=%2Fwp%2Fv2%2Fcomments&post=40"}],"version-history":[{"count":0,"href":"https:\/\/eruktogatos.com\/index.php?rest_route=\/wp\/v2\/pages\/40\/revisions"}],"wp:attachment":[{"href":"https:\/\/eruktogatos.com\/index.php?rest_route=%2Fwp%2Fv2%2Fmedia&parent=40"}],"curies":[{"name":"wp","href":"https:\/\/api.w.org\/{rel}","templated":true}]}}