{"id":1150,"date":"2024-07-08T09:22:41","date_gmt":"2024-07-08T09:22:41","guid":{"rendered":"https:\/\/eruktogatos.com\/?page_id=1150"},"modified":"2024-07-29T15:09:15","modified_gmt":"2024-07-29T15:09:15","slug":"la-eruktolista","status":"publish","type":"page","link":"https:\/\/eruktogatos.com\/?page_id=1150","title":{"rendered":"La Eruktolista"},"content":{"rendered":"\n<p class=\"has-text-align-center\">SIGUE LA ERUKTOLISTA Y DESCUBRE LOS TEMAZOS DE DECENAS DE GRUPOS NACIONALES<\/p>\n\n\n\n<p class=\"has-text-align-center\">Nos encanta compartir la m\u00fasica y es por eso que decidimos crear nuestra propia playlist en la que os compartimos algunas de nuestras canciones en conjunto con much\u00edsimas otras que nos hab\u00e9is hecho llegar aa trav\u00e9s de instagram.<\/p>\n\n\n\n<p class=\"has-text-align-center\">\u00bfQuieres que escuchar canci\u00f3n favorita en La Eruktolista?.<\/p>\n\n\n\n<p class=\"has-text-align-center\">Tan solo tienes que rellenar el cuestionario de abajo y nosotros la incluimos.<\/p>\n\n\n\n<p class=\"has-text-align-center\">Rock &amp; Miau!<\/p>\n\n\n\n<iframe style=\"border-radius:12px\" src=\"https:\/\/open.spotify.com\/embed\/playlist\/6xHhIphkH9JvHyNjeuwQnL?utm_source=generator\" width=\"100%\" height=\"352\" frameBorder=\"0\" allowfullscreen=\"\" allow=\"autoplay; clipboard-write; encrypted-media; fullscreen; picture-in-picture\" loading=\"lazy\"><\/iframe>\n\n\n\n<p>\n\n\n\n<p>\n\n\n\n<p class=\"has-text-align-center\"><strong>\u00bfQu\u00e9 tema no puede faltar en La Eruktolista?<\/strong><\/p>\n\n\n<div class=\"wpforms-container wpforms-container-full wpforms-block wpforms-block-a5f46a14-ff23-4cbb-836f-5f99e6a577da\" id=\"wpforms-1159\"><form id=\"wpforms-form-1159\" class=\"wpforms-validate wpforms-form wpforms-ajax-form\" data-formid=\"1159\" method=\"post\" enctype=\"multipart\/form-data\" action=\"\/index.php?rest_route=%2Fwp%2Fv2%2Fpages%2F1150\" data-token=\"0f8af1f1b20406f8d31556df4dfa3817\" data-token-time=\"1776342263\"><noscript class=\"wpforms-error-noscript\">Por favor, activa JavaScript en tu navegador para completar este formulario.<\/noscript><div class=\"wpforms-field-container\"><div id=\"wpforms-1159-field_1-container\" class=\"wpforms-field wpforms-field-email\" data-field-id=\"1\"><label class=\"wpforms-field-label\" for=\"wpforms-1159-field_1\">Correo electr\u00f3nico <span class=\"wpforms-required-label\">*<\/span><\/label><input type=\"email\" id=\"wpforms-1159-field_1\" class=\"wpforms-field-medium wpforms-field-required\" name=\"wpforms[fields][1]\" spellcheck=\"false\" required><\/div><div id=\"wpforms-1159-field_2-container\" class=\"wpforms-field wpforms-field-textarea\" data-field-id=\"2\"><label class=\"wpforms-field-label\" for=\"wpforms-1159-field_2\">Tu Canci\u00f3n <span class=\"wpforms-required-label\">*<\/span><\/label><textarea id=\"wpforms-1159-field_2\" class=\"wpforms-field-medium wpforms-field-required\" name=\"wpforms[fields][2]\" required><\/textarea><\/div><\/div><!-- .wpforms-field-container --><div class=\"wpforms-submit-container\" ><input type=\"hidden\" name=\"wpforms[id]\" value=\"1159\"><input type=\"hidden\" name=\"page_title\" value=\"\"><input type=\"hidden\" name=\"page_url\" value=\"https:\/\/eruktogatos.com\/index.php?rest_route=%2Fwp%2Fv2%2Fpages%2F1150\"><button type=\"submit\" name=\"wpforms[submit]\" id=\"wpforms-submit-1159\" class=\"wpforms-submit\" data-alt-text=\"Enviando...\" data-submit-text=\"Enviar\" aria-live=\"assertive\" value=\"wpforms-submit\">Enviar<\/button><img loading=\"lazy\" decoding=\"async\" src=\"https:\/\/eruktogatos.com\/wp-content\/plugins\/wpforms-lite\/assets\/images\/submit-spin.svg\" class=\"wpforms-submit-spinner\" style=\"display: none;\" width=\"26\" height=\"26\" alt=\"Cargando\"><\/div><\/form><\/div>  <!-- .wpforms-container -->","protected":false},"excerpt":{"rendered":"<p>SIGUE LA ERUKTOLISTA Y DESCUBRE LOS TEMAZOS DE DECENAS DE GRUPOS NACIONALES Nos encanta compartir la m\u00fasica y es por eso que decidimos crear nuestra propia playlist en la que<\/p>\n<p class=\"more-link\"><a href=\"https:\/\/eruktogatos.com\/?page_id=1150\" class=\"readmore\">Seguir leyendo<span class=\"screen-reader-text\">La Eruktolista<\/span><\/a><\/p>\n","protected":false},"author":2,"featured_media":0,"parent":0,"menu_order":0,"comment_status":"closed","ping_status":"closed","template":"","meta":{"iawp_total_views":190,"footnotes":""},"class_list":["post-1150","page","type-page","status-publish","hentry"],"yoast_head":"<!-- This site is optimized with the Yoast SEO plugin v23.0 - https:\/\/yoast.com\/wordpress\/plugins\/seo\/ -->\n<title>La Eruktolista - ERUKTOGATOS PUNK ROCK WEB ERUKTOGATOS<\/title>\n<meta name=\"description\" content=\"Eruktogatos Rock and Miau. P\u00e1gina web del grupo punk rock madrile\u00f1o Eruktogatos\" \/>\n<meta name=\"robots\" content=\"index, follow, max-snippet:-1, max-image-preview:large, max-video-preview:-1\" \/>\n<link rel=\"canonical\" href=\"https:\/\/eruktogatos.com\/?page_id=1150\" \/>\n<meta property=\"og:locale\" content=\"es_ES\" \/>\n<meta property=\"og:type\" content=\"article\" \/>\n<meta property=\"og:title\" content=\"La Eruktolista - ERUKTOGATOS PUNK ROCK WEB ERUKTOGATOS\" \/>\n<meta property=\"og:description\" content=\"Eruktogatos Rock and Miau. P\u00e1gina web del grupo punk rock madrile\u00f1o Eruktogatos\" \/>\n<meta property=\"og:url\" content=\"https:\/\/eruktogatos.com\/?page_id=1150\" \/>\n<meta property=\"og:site_name\" content=\"ERUKTOGATOS\" \/>\n<meta property=\"article:publisher\" content=\"https:\/\/www.facebook.com\/Eruktogatos-Rock-452809998841382\/\" \/>\n<meta property=\"article:modified_time\" content=\"2024-07-29T15:09:15+00:00\" \/>\n<meta name=\"twitter:card\" content=\"summary_large_image\" \/>\n<meta name=\"twitter:label1\" content=\"Tiempo de lectura\" \/>\n\t<meta name=\"twitter:data1\" content=\"1 minuto\" \/>\n<script type=\"application\/ld+json\" class=\"yoast-schema-graph\">{\"@context\":\"https:\/\/schema.org\",\"@graph\":[{\"@type\":\"WebPage\",\"@id\":\"https:\/\/eruktogatos.com\/?page_id=1150\",\"url\":\"https:\/\/eruktogatos.com\/?page_id=1150\",\"name\":\"La Eruktolista - ERUKTOGATOS PUNK ROCK WEB ERUKTOGATOS\",\"isPartOf\":{\"@id\":\"https:\/\/eruktogatos.com\/#website\"},\"datePublished\":\"2024-07-08T09:22:41+00:00\",\"dateModified\":\"2024-07-29T15:09:15+00:00\",\"description\":\"Eruktogatos Rock and Miau. P\u00e1gina web del grupo punk rock madrile\u00f1o Eruktogatos\",\"breadcrumb\":{\"@id\":\"https:\/\/eruktogatos.com\/?page_id=1150#breadcrumb\"},\"inLanguage\":\"es\",\"potentialAction\":[{\"@type\":\"ReadAction\",\"target\":[\"https:\/\/eruktogatos.com\/?page_id=1150\"]}]},{\"@type\":\"BreadcrumbList\",\"@id\":\"https:\/\/eruktogatos.com\/?page_id=1150#breadcrumb\",\"itemListElement\":[{\"@type\":\"ListItem\",\"position\":1,\"name\":\"Home\",\"item\":\"https:\/\/eruktogatos.com\/\"},{\"@type\":\"ListItem\",\"position\":2,\"name\":\"La Eruktolista\"}]},{\"@type\":\"WebSite\",\"@id\":\"https:\/\/eruktogatos.com\/#website\",\"url\":\"https:\/\/eruktogatos.com\/\",\"name\":\"ERUKTOGATOS\",\"description\":\"Rock&amp;Miau\",\"publisher\":{\"@id\":\"https:\/\/eruktogatos.com\/#organization\"},\"potentialAction\":[{\"@type\":\"SearchAction\",\"target\":{\"@type\":\"EntryPoint\",\"urlTemplate\":\"https:\/\/eruktogatos.com\/?s={search_term_string}\"},\"query-input\":\"required name=search_term_string\"}],\"inLanguage\":\"es\"},{\"@type\":\"Organization\",\"@id\":\"https:\/\/eruktogatos.com\/#organization\",\"name\":\"Eruktogatos Rock and Miau\",\"url\":\"https:\/\/eruktogatos.com\/\",\"logo\":{\"@type\":\"ImageObject\",\"inLanguage\":\"es\",\"@id\":\"https:\/\/eruktogatos.com\/#\/schema\/logo\/image\/\",\"url\":\"https:\/\/eruktogatos.com\/wp-content\/uploads\/2020\/06\/Logo_Mini.png\",\"contentUrl\":\"https:\/\/eruktogatos.com\/wp-content\/uploads\/2020\/06\/Logo_Mini.png\",\"width\":300,\"height\":300,\"caption\":\"Eruktogatos Rock and Miau\"},\"image\":{\"@id\":\"https:\/\/eruktogatos.com\/#\/schema\/logo\/image\/\"},\"sameAs\":[\"https:\/\/www.facebook.com\/Eruktogatos-Rock-452809998841382\/\",\"https:\/\/www.instagram.com\/eruktogatos_rock\/\",\"https:\/\/www.youtube.com\/channel\/UCPTk7totFCuy5MX76lIiLSQ\"]}]}<\/script>\n<!-- \/ Yoast SEO plugin. -->","yoast_head_json":{"title":"La Eruktolista - ERUKTOGATOS PUNK ROCK WEB ERUKTOGATOS","description":"Eruktogatos Rock and Miau. P\u00e1gina web del grupo punk rock madrile\u00f1o Eruktogatos","robots":{"index":"index","follow":"follow","max-snippet":"max-snippet:-1","max-image-preview":"max-image-preview:large","max-video-preview":"max-video-preview:-1"},"canonical":"https:\/\/eruktogatos.com\/?page_id=1150","og_locale":"es_ES","og_type":"article","og_title":"La Eruktolista - ERUKTOGATOS PUNK ROCK WEB ERUKTOGATOS","og_description":"Eruktogatos Rock and Miau. P\u00e1gina web del grupo punk rock madrile\u00f1o Eruktogatos","og_url":"https:\/\/eruktogatos.com\/?page_id=1150","og_site_name":"ERUKTOGATOS","article_publisher":"https:\/\/www.facebook.com\/Eruktogatos-Rock-452809998841382\/","article_modified_time":"2024-07-29T15:09:15+00:00","twitter_card":"summary_large_image","twitter_misc":{"Tiempo de lectura":"1 minuto"},"schema":{"@context":"https:\/\/schema.org","@graph":[{"@type":"WebPage","@id":"https:\/\/eruktogatos.com\/?page_id=1150","url":"https:\/\/eruktogatos.com\/?page_id=1150","name":"La Eruktolista - ERUKTOGATOS PUNK ROCK WEB ERUKTOGATOS","isPartOf":{"@id":"https:\/\/eruktogatos.com\/#website"},"datePublished":"2024-07-08T09:22:41+00:00","dateModified":"2024-07-29T15:09:15+00:00","description":"Eruktogatos Rock and Miau. P\u00e1gina web del grupo punk rock madrile\u00f1o Eruktogatos","breadcrumb":{"@id":"https:\/\/eruktogatos.com\/?page_id=1150#breadcrumb"},"inLanguage":"es","potentialAction":[{"@type":"ReadAction","target":["https:\/\/eruktogatos.com\/?page_id=1150"]}]},{"@type":"BreadcrumbList","@id":"https:\/\/eruktogatos.com\/?page_id=1150#breadcrumb","itemListElement":[{"@type":"ListItem","position":1,"name":"Home","item":"https:\/\/eruktogatos.com\/"},{"@type":"ListItem","position":2,"name":"La Eruktolista"}]},{"@type":"WebSite","@id":"https:\/\/eruktogatos.com\/#website","url":"https:\/\/eruktogatos.com\/","name":"ERUKTOGATOS","description":"Rock&amp;Miau","publisher":{"@id":"https:\/\/eruktogatos.com\/#organization"},"potentialAction":[{"@type":"SearchAction","target":{"@type":"EntryPoint","urlTemplate":"https:\/\/eruktogatos.com\/?s={search_term_string}"},"query-input":"required name=search_term_string"}],"inLanguage":"es"},{"@type":"Organization","@id":"https:\/\/eruktogatos.com\/#organization","name":"Eruktogatos Rock and Miau","url":"https:\/\/eruktogatos.com\/","logo":{"@type":"ImageObject","inLanguage":"es","@id":"https:\/\/eruktogatos.com\/#\/schema\/logo\/image\/","url":"https:\/\/eruktogatos.com\/wp-content\/uploads\/2020\/06\/Logo_Mini.png","contentUrl":"https:\/\/eruktogatos.com\/wp-content\/uploads\/2020\/06\/Logo_Mini.png","width":300,"height":300,"caption":"Eruktogatos Rock and Miau"},"image":{"@id":"https:\/\/eruktogatos.com\/#\/schema\/logo\/image\/"},"sameAs":["https:\/\/www.facebook.com\/Eruktogatos-Rock-452809998841382\/","https:\/\/www.instagram.com\/eruktogatos_rock\/","https:\/\/www.youtube.com\/channel\/UCPTk7totFCuy5MX76lIiLSQ"]}]}},"_links":{"self":[{"href":"https:\/\/eruktogatos.com\/index.php?rest_route=\/wp\/v2\/pages\/1150"}],"collection":[{"href":"https:\/\/eruktogatos.com\/index.php?rest_route=\/wp\/v2\/pages"}],"about":[{"href":"https:\/\/eruktogatos.com\/index.php?rest_route=\/wp\/v2\/types\/page"}],"author":[{"embeddable":true,"href":"https:\/\/eruktogatos.com\/index.php?rest_route=\/wp\/v2\/users\/2"}],"replies":[{"embeddable":true,"href":"https:\/\/eruktogatos.com\/index.php?rest_route=%2Fwp%2Fv2%2Fcomments&post=1150"}],"version-history":[{"count":9,"href":"https:\/\/eruktogatos.com\/index.php?rest_route=\/wp\/v2\/pages\/1150\/revisions"}],"predecessor-version":[{"id":1191,"href":"https:\/\/eruktogatos.com\/index.php?rest_route=\/wp\/v2\/pages\/1150\/revisions\/1191"}],"wp:attachment":[{"href":"https:\/\/eruktogatos.com\/index.php?rest_route=%2Fwp%2Fv2%2Fmedia&parent=1150"}],"curies":[{"name":"wp","href":"https:\/\/api.w.org\/{rel}","templated":true}]}}